{"id":480,"date":"2024-05-20T09:23:44","date_gmt":"2024-05-20T07:23:44","guid":{"rendered":"https:\/\/www.air-tree.eu\/tree\/?page_id=480"},"modified":"2024-10-16T11:01:33","modified_gmt":"2024-10-16T09:01:33","slug":"scopri-di-piu","status":"publish","type":"page","link":"https:\/\/www.air-tree.eu\/tree\/scopri-di-piu\/","title":{"rendered":"Scopri Di Pi\u00f9"},"content":{"rendered":"\t\t<div data-elementor-type=\"wp-page\" data-elementor-id=\"480\" class=\"elementor elementor-480\">\n\t\t\t\t<div class=\"elementor-element elementor-element-4277e0f e-con-full e-flex wpr-particle-no wpr-jarallax-no wpr-parallax-no wpr-sticky-section-no e-con e-parent\" data-id=\"4277e0f\" data-element_type=\"container\" data-settings=\"{&quot;background_background&quot;:&quot;classic&quot;}\">\n\t\t\t\t<div class=\"elementor-element elementor-element-d584a30 elementor-widget elementor-widget-heading\" data-id=\"d584a30\" data-element_type=\"widget\" data-widget_type=\"heading.default\">\n\t\t\t\t<div class=\"elementor-widget-container\">\n\t\t\t<style>\/*! elementor - v3.21.0 - 08-05-2024 *\/\n.elementor-heading-title{padding:0;margin:0;line-height:1}.elementor-widget-heading .elementor-heading-title[class*=elementor-size-]>a{color:inherit;font-size:inherit;line-height:inherit}.elementor-widget-heading .elementor-heading-title.elementor-size-small{font-size:15px}.elementor-widget-heading .elementor-heading-title.elementor-size-medium{font-size:19px}.elementor-widget-heading .elementor-heading-title.elementor-size-large{font-size:29px}.elementor-widget-heading .elementor-heading-title.elementor-size-xl{font-size:39px}.elementor-widget-heading .elementor-heading-title.elementor-size-xxl{font-size:59px}<\/style><h2 class=\"elementor-heading-title elementor-size-default\">SCOPRI DI PI\u00d9 <\/h2>\t\t<\/div>\n\t\t\t\t<\/div>\n\t\t\t\t<\/div>\n\t\t<div class=\"elementor-element elementor-element-118d808 e-flex e-con-boxed wpr-particle-no wpr-jarallax-no wpr-parallax-no wpr-sticky-section-no e-con e-parent\" data-id=\"118d808\" data-element_type=\"container\">\n\t\t\t\t\t<div class=\"e-con-inner\">\n\t\t\t\t<div class=\"elementor-element elementor-element-ddf5538 elementor-widget elementor-widget-spacer\" data-id=\"ddf5538\" data-element_type=\"widget\" data-widget_type=\"spacer.default\">\n\t\t\t\t<div class=\"elementor-widget-container\">\n\t\t\t<style>\/*! elementor - v3.21.0 - 08-05-2024 *\/\n.elementor-column .elementor-spacer-inner{height:var(--spacer-size)}.e-con{--container-widget-width:100%}.e-con-inner>.elementor-widget-spacer,.e-con>.elementor-widget-spacer{width:var(--container-widget-width,var(--spacer-size));--align-self:var(--container-widget-align-self,initial);--flex-shrink:0}.e-con-inner>.elementor-widget-spacer>.elementor-widget-container,.e-con>.elementor-widget-spacer>.elementor-widget-container{height:100%;width:100%}.e-con-inner>.elementor-widget-spacer>.elementor-widget-container>.elementor-spacer,.e-con>.elementor-widget-spacer>.elementor-widget-container>.elementor-spacer{height:100%}.e-con-inner>.elementor-widget-spacer>.elementor-widget-container>.elementor-spacer>.elementor-spacer-inner,.e-con>.elementor-widget-spacer>.elementor-widget-container>.elementor-spacer>.elementor-spacer-inner{height:var(--container-widget-height,var(--spacer-size))}.e-con-inner>.elementor-widget-spacer.elementor-widget-empty,.e-con>.elementor-widget-spacer.elementor-widget-empty{position:relative;min-height:22px;min-width:22px}.e-con-inner>.elementor-widget-spacer.elementor-widget-empty .elementor-widget-empty-icon,.e-con>.elementor-widget-spacer.elementor-widget-empty .elementor-widget-empty-icon{position:absolute;top:0;bottom:0;left:0;right:0;margin:auto;padding:0;width:22px;height:22px}<\/style>\t\t<div class=\"elementor-spacer\">\n\t\t\t<div class=\"elementor-spacer-inner\"><\/div>\n\t\t<\/div>\n\t\t\t\t<\/div>\n\t\t\t\t<\/div>\n\t\t\t\t<div class=\"elementor-element elementor-element-d00a218 elementor-widget elementor-widget-heading\" data-id=\"d00a218\" data-element_type=\"widget\" data-widget_type=\"heading.default\">\n\t\t\t\t<div class=\"elementor-widget-container\">\n\t\t\t<h3 class=\"elementor-heading-title elementor-size-default\">MODELLO AIRTREE<\/h3>\t\t<\/div>\n\t\t\t\t<\/div>\n\t\t\t\t<div class=\"elementor-element elementor-element-05d7c7c elementor-widget elementor-widget-text-editor\" data-id=\"05d7c7c\" data-element_type=\"widget\" data-widget_type=\"text-editor.default\">\n\t\t\t\t<div class=\"elementor-widget-container\">\n\t\t\t<style>\/*! elementor - v3.21.0 - 08-05-2024 *\/\n.elementor-widget-text-editor.elementor-drop-cap-view-stacked .elementor-drop-cap{background-color:#69727d;color:#fff}.elementor-widget-text-editor.elementor-drop-cap-view-framed .elementor-drop-cap{color:#69727d;border:3px solid;background-color:transparent}.elementor-widget-text-editor:not(.elementor-drop-cap-view-default) .elementor-drop-cap{margin-top:8px}.elementor-widget-text-editor:not(.elementor-drop-cap-view-default) .elementor-drop-cap-letter{width:1em;height:1em}.elementor-widget-text-editor .elementor-drop-cap{float:left;text-align:center;line-height:1;font-size:50px}.elementor-widget-text-editor .elementor-drop-cap-letter{display:inline-block}<\/style>\t\t\t\t<p><strong>Il modello Aggregated Interpretation of the Energy balance and water dynamics for Ecosystem services assessment, o pi\u00f9 semplicemente AIRTREE, \u00e8 frutto dei pi\u00f9 avanzati sviluppi metodologici nel campo della ricerche scientifiche in ambito ecofisiologico. Si tratta di un modello multistrato per prevedere gli scambi di CO2, acqua, ozono, ossidi di azoto, monossido di carbonio e particelle fini tra le foglie e l&#8217;atmosfera <a href=\"#Figura1\">(Figura 1)<\/a>. AIRTREE \u00e8 composto essenzialmente da quattro diversi moduli per la stima: <\/strong><\/p><p><strong>1) della temperatura della foglia e i flussi radiativi a diversi livelli dall&#8217;alto verso il basso della chioma (Modulo Ambientale); <\/strong><\/p><p><strong>2) del flusso d&#8217;acqua del suolo e la disponibilit\u00e0 di acqua per l&#8217;apparato fotosintetico della pianta (Modulo Idrologico); <\/strong><\/p><p><strong>3) della fotosintesi netta e la conduttanza stomatica (Modulo Fotosintesi);<\/strong><\/p><p><strong>4) della deposizione che quantifica le deposizione di inquinanti sulle porzioni di chioma e suolo in funzione della turbolenza dell\u2019atmosfera e delle caratteristiche strutturali delle piante (Modulo di Deposizione). <\/strong><\/p>\t\t\t\t\t\t<\/div>\n\t\t\t\t<\/div>\n\t\t\t\t<div class=\"elementor-element elementor-element-2dc6fe6 elementor-widget elementor-widget-image\" data-id=\"2dc6fe6\" data-element_type=\"widget\" id=\"Figura1\" data-widget_type=\"image.default\">\n\t\t\t\t<div class=\"elementor-widget-container\">\n\t\t\t<style>\/*! elementor - v3.21.0 - 08-05-2024 *\/\n.elementor-widget-image{text-align:center}.elementor-widget-image a{display:inline-block}.elementor-widget-image a img[src$=\".svg\"]{width:48px}.elementor-widget-image img{vertical-align:middle;display:inline-block}<\/style>\t\t\t\t\t\t\t<figure class=\"wp-caption\">\n\t\t\t\t\t\t\t\t\t\t<img fetchpriority=\"high\" decoding=\"async\" width=\"441\" height=\"565\" src=\"https:\/\/www.air-tree.eu\/tree\/wp-content\/uploads\/2024\/05\/cropped-air-tree.png\" class=\"attachment-large size-large wp-image-10\" alt=\"\" srcset=\"https:\/\/www.air-tree.eu\/tree\/wp-content\/uploads\/2024\/05\/cropped-air-tree.png 441w, https:\/\/www.air-tree.eu\/tree\/wp-content\/uploads\/2024\/05\/cropped-air-tree-234x300.png 234w, https:\/\/www.air-tree.eu\/tree\/wp-content\/uploads\/2024\/05\/cropped-air-tree-80x102.png 80w\" sizes=\"(max-width: 441px) 100vw, 441px\" \/>\t\t\t\t\t\t\t\t\t\t\t<figcaption class=\"widget-image-caption wp-caption-text\">Figura 1<\/figcaption>\n\t\t\t\t\t\t\t\t\t\t<\/figure>\n\t\t\t\t\t\t\t<\/div>\n\t\t\t\t<\/div>\n\t\t\t\t<div class=\"elementor-element elementor-element-1b17feb elementor-widget elementor-widget-heading\" data-id=\"1b17feb\" data-element_type=\"widget\" data-widget_type=\"heading.default\">\n\t\t\t\t<div class=\"elementor-widget-container\">\n\t\t\t<h3 class=\"elementor-heading-title elementor-size-default\">Maggiori informazioni sulle caratteristiche del modello sono disponibili all\u2019interno delle seguenti pubblicazioni scientifiche:<\/h3>\t\t<\/div>\n\t\t\t\t<\/div>\n\t\t\t\t<div class=\"elementor-element elementor-element-c9146d7 elementor-widget elementor-widget-text-editor\" data-id=\"c9146d7\" data-element_type=\"widget\" data-widget_type=\"text-editor.default\">\n\t\t\t\t<div class=\"elementor-widget-container\">\n\t\t\t\t\t\t\t<p>Conte, A., Otu-Larbi, F., Alivernini, A., Hoshika, Y., Paoletti, E., Ashworth, K., Fares, S., 2021. Exploring new strategies for ozone-risk assessment: A dynamic-threshold case study. Environ. Pollut. 287, 117620.&nbsp;<a href=\"https:\/\/doi.org\/10.1016\/j.envpol.2021.117620\">https:\/\/doi.org\/10.1016\/j.envpol.2021.117620<\/a><\/p>\n<p>Conte, A., Zappitelli, I., Fusaro, L., Alivernini, A., Moretti, V., Sorgi, T., Recanatesi, F., Fares, S., 2022. Significant Loss of Ecosystem Services by Environmental Changes in the Mediterranean Coastal Area. Forests 2022, 13, 689.&nbsp;<a href=\"https:\/\/doi.org\/10.3390\/f13050689\">https:\/\/doi.org\/10.3390\/f13050689<\/a><\/p>\n<p>Fares, S., Alivernini, A., Conte, A., Maggi, F., 2019. Ozone and particle fluxes in a Mediterranean forest predicted by the AIRTREE model. Sci. Total Environ. 682, 494\u2013504.&nbsp;<a href=\"https:\/\/doi.org\/10.1016\/j.scitotenv.2019.05.109\">https:\/\/doi.org\/10.1016\/j.scitotenv.2019.05.109<\/a><\/p>\n<p>Fares, S., Conte, A., Alivernini, A., Chianucci, F., Grotti, M., Zappitelli, I., Petrella, F., Corona, P., 2020. Testing Removal of Carbon Dioxide, Ozone, and Atmospheric Particles by Urban Parks in Italy. Environ. Sci. Technol. 54, 14910\u20134922.&nbsp;<a href=\"https:\/\/doi.org\/10.1021\/acs.est.0c04740\">https:\/\/doi.org\/10.1021\/acs.est.0c04740<\/a><\/p>\n<p>Zappitelli, I., Conte, A., Alivernini, A., Finardi, S., &amp; Fares, S. (2023). Species-Specific Contribution to Atmospheric Carbon and Pollutant Removal: Case Studies in Two Italian Municipalities. Atmosphere, 14(2), 285. <a href=\"https:\/\/doi.org\/10.3390\/atmos14020285\">https:\/\/doi.org\/10.3390\/atmos14020285<\/a><\/p>\t\t\t\t\t\t<\/div>\n\t\t\t\t<\/div>\n\t\t\t\t<div class=\"elementor-element elementor-element-0a44c20 elementor-widget elementor-widget-spacer\" data-id=\"0a44c20\" data-element_type=\"widget\" data-widget_type=\"spacer.default\">\n\t\t\t\t<div class=\"elementor-widget-container\">\n\t\t\t\t\t<div class=\"elementor-spacer\">\n\t\t\t<div class=\"elementor-spacer-inner\"><\/div>\n\t\t<\/div>\n\t\t\t\t<\/div>\n\t\t\t\t<\/div>\n\t\t\t\t\t<\/div>\n\t\t\t\t<\/div>\n\t\t\t\t<\/div>\n\t\t","protected":false},"excerpt":{"rendered":"<p>SCOPRI DI PI\u00d9 MODELLO AIRTREE Il modello Aggregated Interpretation of the Energy balance and water dynamics for Ecosystem services assessment, [&hellip;]<\/p>\n","protected":false},"author":1,"featured_media":0,"parent":0,"menu_order":0,"comment_status":"closed","ping_status":"closed","template":"","meta":{"site-sidebar-layout":"no-sidebar","site-content-layout":"","ast-site-content-layout":"full-width-container","site-content-style":"default","site-sidebar-style":"default","ast-global-header-display":"","ast-banner-title-visibility":"","ast-main-header-display":"","ast-hfb-above-header-display":"","ast-hfb-below-header-display":"","ast-hfb-mobile-header-display":"","site-post-title":"disabled","ast-breadcrumbs-content":"","ast-featured-img":"disabled","footer-sml-layout":"","theme-transparent-header-meta":"","adv-header-id-meta":"","stick-header-meta":"","header-above-stick-meta":"","header-main-stick-meta":"","header-below-stick-meta":"","astra-migrate-meta-layouts":"default","ast-page-background-enabled":"default","ast-page-background-meta":{"desktop":{"background-color":"var(--ast-global-color-4)","background-image":"","background-repeat":"repeat","background-position":"center center","background-size":"auto","background-attachment":"scroll","background-type":"","background-media":"","overlay-type":"","overlay-color":"","overlay-gradient":""},"tablet":{"background-color":"","background-image":"","background-repeat":"repeat","background-position":"center center","background-size":"auto","background-attachment":"scroll","background-type":"","background-media":"","overlay-type":"","overlay-color":"","overlay-gradient":""},"mobile":{"background-color":"","background-image":"","background-repeat":"repeat","background-position":"center center","background-size":"auto","background-attachment":"scroll","background-type":"","background-media":"","overlay-type":"","overlay-color":"","overlay-gradient":""}},"ast-content-background-meta":{"desktop":{"background-color":"var(--ast-global-color-5)","background-image":"","background-repeat":"repeat","background-position":"center center","background-size":"auto","background-attachment":"scroll","background-type":"","background-media":"","overlay-type":"","overlay-color":"","overlay-gradient":""},"tablet":{"background-color":"var(--ast-global-color-5)","background-image":"","background-repeat":"repeat","background-position":"center center","background-size":"auto","background-attachment":"scroll","background-type":"","background-media":"","overlay-type":"","overlay-color":"","overlay-gradient":""},"mobile":{"background-color":"var(--ast-global-color-5)","background-image":"","background-repeat":"repeat","background-position":"center center","background-size":"auto","background-attachment":"scroll","background-type":"","background-media":"","overlay-type":"","overlay-color":"","overlay-gradient":""}},"footnotes":""},"class_list":["post-480","page","type-page","status-publish","hentry"],"_links":{"self":[{"href":"https:\/\/www.air-tree.eu\/tree\/wp-json\/wp\/v2\/pages\/480","targetHints":{"allow":["GET"]}}],"collection":[{"href":"https:\/\/www.air-tree.eu\/tree\/wp-json\/wp\/v2\/pages"}],"about":[{"href":"https:\/\/www.air-tree.eu\/tree\/wp-json\/wp\/v2\/types\/page"}],"author":[{"embeddable":true,"href":"https:\/\/www.air-tree.eu\/tree\/wp-json\/wp\/v2\/users\/1"}],"replies":[{"embeddable":true,"href":"https:\/\/www.air-tree.eu\/tree\/wp-json\/wp\/v2\/comments?post=480"}],"version-history":[{"count":43,"href":"https:\/\/www.air-tree.eu\/tree\/wp-json\/wp\/v2\/pages\/480\/revisions"}],"predecessor-version":[{"id":732,"href":"https:\/\/www.air-tree.eu\/tree\/wp-json\/wp\/v2\/pages\/480\/revisions\/732"}],"wp:attachment":[{"href":"https:\/\/www.air-tree.eu\/tree\/wp-json\/wp\/v2\/media?parent=480"}],"curies":[{"name":"wp","href":"https:\/\/api.w.org\/{rel}","templated":true}]}}